{"id":91,"date":"2020-10-26T12:10:34","date_gmt":"2020-10-26T10:10:34","guid":{"rendered":"https:\/\/kyburgia.org\/aaa\/?page_id=91"},"modified":"2020-10-26T12:28:01","modified_gmt":"2020-10-26T10:28:01","slug":"wir-stellen-uns-vor","status":"publish","type":"page","link":"https:\/\/kyburgia.org\/?page_id=91","title":{"rendered":"Wer wir sind, und was wir tun"},"content":{"rendered":"\n<p>Wir sind eine farbentragende Studentenverbindung an der Fachhochschule Biel.<\/p>\n\n\n\n<figure class=\"wp-block-image is-resized\"><img loading=\"lazy\" decoding=\"async\" src=\"https:\/\/kyburgia.org\/files\/bilder\/vorstellung\/verbindung.jpg\" alt=\"verbindung\" width=\"366\" height=\"244\"\/><\/figure>\n\n\n\n<p>&nbsp;Durch unsere Aktivit\u00e4ten und unser Beziehungsnetz erm\u00f6glichen wir den aktiven wie ehemaligen Studierenden sich ganzheitlich weiterzubilden, in der Gesellschaft einzusetzen und die Zukunft verantwortungsbewusst mitzugestalten. Wir sprechen alle Studierenden der Fachhochschule Biel an.<\/p>\n\n\n\n<p>Verantwortungsbewusstsein und ethisch korrektes Handeln sind die Leitplanken unserer Aktivit\u00e4ten. Wir achten jeden Menschen, ungeachtet seiner ethnischen oder sozialen Abstammung, seiner Religion oder politischen Anschauung. Die kulturelle Vielfalt betrachten wir als Chance.<\/p>\n\n\n\n<p>Wir bieten den Raum, um w\u00e4hrend dem Studium Freundschaften aufzubauen und zu pflegen. Die so entstandenen, lebenslangen Beziehungen erlauben uns heute und in Zukunft einen regen Erfahrungs- und Informationsaustausch.<br>Wir betrachten die Allgemeinbildung als \u00e4usserst wichtig. In Erg\u00e4nzung zum Fachstudium organisieren wir entsprechende Anl\u00e4sse in lockerem Rahmen. Dabei bringen Ehemalige ihre Pers\u00f6nlichkeit, ihr Wissen und ihre Erfahrungen mit ein.<\/p>\n\n\n\n<figure class=\"wp-block-image is-resized\"><img loading=\"lazy\" decoding=\"async\" src=\"https:\/\/kyburgia.org\/files\/bilder\/vorstellung\/hochseeseglen.jpg\" alt=\"hochseeseglen\" width=\"357\" height=\"244\"\/><\/figure>\n\n\n\n<p>Wir f\u00f6rdern gezielt die Teamf\u00e4higkeit und soziale Kompetenz unserer Mitglieder. Neben unseren Anl\u00e4ssen kommt deshalb auch dem Sport eine wichtige Rolle zu.<\/p>\n\n\n\n<p>Wir pflegen studentische Traditionen in einer zeitgem\u00e4ssen Form. Als weltoffene Verbindung setzen wir uns stetig mit unseren Werten auseinander und passen unser Leitbild periodisch den aktuellen Gegebenheiten an.<\/p>\n","protected":false},"excerpt":{"rendered":"<p>Wir sind eine farbentragende Studentenverbindung an der Fachhochschule Biel. &nbsp;Durch unsere Aktivit\u00e4ten und unser Beziehungsnetz erm\u00f6glichen wir den aktiven wie ehemaligen Studierenden sich ganzheitlich weiterzubilden, in der Gesellschaft einzusetzen und die Zukunft verantwortungsbewusst mitzugestalten. Wir sprechen alle Studierenden der Fachhochschule Biel an. Verantwortungsbewusstsein und ethisch korrektes Handeln sind die Leitplanken unserer Aktivit\u00e4ten. Wir achten jeden Menschen, ungeachtet seiner ethnischen oder [&hellip;]<\/p>\n","protected":false},"author":1,"featured_media":0,"parent":0,"menu_order":0,"comment_status":"closed","ping_status":"closed","template":"","meta":{"footnotes":""},"class_list":["post-91","page","type-page","status-publish","hentry"],"jetpack_sharing_enabled":true,"_links":{"self":[{"href":"https:\/\/kyburgia.org\/index.php?rest_route=\/wp\/v2\/pages\/91","targetHints":{"allow":["GET"]}}],"collection":[{"href":"https:\/\/kyburgia.org\/index.php?rest_route=\/wp\/v2\/pages"}],"about":[{"href":"https:\/\/kyburgia.org\/index.php?rest_route=\/wp\/v2\/types\/page"}],"author":[{"embeddable":true,"href":"https:\/\/kyburgia.org\/index.php?rest_route=\/wp\/v2\/users\/1"}],"replies":[{"embeddable":true,"href":"https:\/\/kyburgia.org\/index.php?rest_route=%2Fwp%2Fv2%2Fcomments&post=91"}],"version-history":[{"count":3,"href":"https:\/\/kyburgia.org\/index.php?rest_route=\/wp\/v2\/pages\/91\/revisions"}],"predecessor-version":[{"id":104,"href":"https:\/\/kyburgia.org\/index.php?rest_route=\/wp\/v2\/pages\/91\/revisions\/104"}],"wp:attachment":[{"href":"https:\/\/kyburgia.org\/index.php?rest_route=%2Fwp%2Fv2%2Fmedia&parent=91"}],"curies":[{"name":"wp","href":"https:\/\/api.w.org\/{rel}","templated":true}]}}