{"id":96,"date":"2020-10-26T12:18:57","date_gmt":"2020-10-26T10:18:57","guid":{"rendered":"https:\/\/kyburgia.org\/aaa\/?page_id=96"},"modified":"2020-10-26T12:18:58","modified_gmt":"2020-10-26T10:18:58","slug":"unsere-verbindung","status":"publish","type":"page","link":"https:\/\/kyburgia.org\/?page_id=96","title":{"rendered":"Unsere Verbindung"},"content":{"rendered":"\n<figure class=\"wp-block-image\"><img decoding=\"async\" src=\"https:\/\/kyburgia.org\/files\/bilder\/vorstellung\/zirkel.png\" alt=\"zirkel\"\/><\/figure>\n\n\n\n<p>Die Kyburgia Biennensis ist eine Studentenverbindung der Hochschule f\u00fcr Technik und Architektur Biel. Sie ist eine Vereinigung gleichgesinnter, froher Studenten aller Semester, politisch und konfessionell neutral.<\/p>\n\n\n\n<h2 class=\"wp-block-heading\">Zweck der Verbindung<\/h2>\n\n\n\n<ul class=\"wp-block-list\"><li>Pflege der Freundschaft durch regelm\u00e4ssige Zusammenk\u00fcnfte in traditionell studentischem Rahmen.<\/li><li>F\u00f6rderung der Selbstsicherheit im Auftreten, in der Gesellschaft, der freien Rede und Diskussion.<\/li><li>Unterst\u00fctzung und Hilfeleistung in jeder Form.<\/li><\/ul>\n\n\n\n<p>Die Kyburgia f\u00fchrt die Devise<br><strong>Freundschaft und Bildung<\/strong><\/p>\n\n\n\n<h2 class=\"wp-block-heading\">Aufbau der Verbindung<\/h2>\n\n\n\n<p>Die Kyburgia ist in eine Jungverbindung, der Aktivitas (Aktive Studenten an der Fachhochschule), und in eine Verbindung der Ehemaligen, den Altherren-Verband, gegliedert. Beide Gruppen sind in dem einheitlichen Ganzen der KYBURGIA BIENNENSIS zusammengeschlossen.<br>Nach Abschluss des Studiums tritt der Aktive in den Kreis der Altherren \u00fcber.<\/p>\n\n\n\n<h2 class=\"wp-block-heading\">Verbindungsfarben und Verbindungszeichen<\/h2>\n\n\n\n<figure class=\"wp-block-image\"><img decoding=\"async\" src=\"https:\/\/kyburgia.org\/files\/bilder\/vorstellung\/verbindungszeichen.png\" alt=\"verbindungszeichen\"\/><\/figure>\n\n\n\n<p>Die Verbindungsfarben sind blau-gold-rot<\/p>\n\n\n\n<p>Als Verbindungszeichen gelten:<\/p>\n\n\n\n<ul class=\"wp-block-list\"><li>Die blaue M\u00fctze in Samt und den Farben des Burschenbandes (in aufsteigender Reihenfolge)<\/li><li>Das Burschenband: blau-gold-rot mit Goldperkussion<\/li><li>Das Fuxenband: blau-gold mit Goldperkussion<\/li><li>Der Verbindungszirkel<\/li><\/ul>\n","protected":false},"excerpt":{"rendered":"<p>Die Kyburgia Biennensis ist eine Studentenverbindung der Hochschule f\u00fcr Technik und Architektur Biel. Sie ist eine Vereinigung gleichgesinnter, froher Studenten aller Semester, politisch und konfessionell neutral. Zweck der Verbindung Pflege der Freundschaft durch regelm\u00e4ssige Zusammenk\u00fcnfte in traditionell studentischem Rahmen. F\u00f6rderung der Selbstsicherheit im Auftreten, in der Gesellschaft, der freien Rede und Diskussion. Unterst\u00fctzung und Hilfeleistung in jeder Form. Die Kyburgia [&hellip;]<\/p>\n","protected":false},"author":1,"featured_media":0,"parent":91,"menu_order":0,"comment_status":"closed","ping_status":"closed","template":"","meta":{"footnotes":""},"class_list":["post-96","page","type-page","status-publish","hentry"],"jetpack_sharing_enabled":true,"_links":{"self":[{"href":"https:\/\/kyburgia.org\/index.php?rest_route=\/wp\/v2\/pages\/96","targetHints":{"allow":["GET"]}}],"collection":[{"href":"https:\/\/kyburgia.org\/index.php?rest_route=\/wp\/v2\/pages"}],"about":[{"href":"https:\/\/kyburgia.org\/index.php?rest_route=\/wp\/v2\/types\/page"}],"author":[{"embeddable":true,"href":"https:\/\/kyburgia.org\/index.php?rest_route=\/wp\/v2\/users\/1"}],"replies":[{"embeddable":true,"href":"https:\/\/kyburgia.org\/index.php?rest_route=%2Fwp%2Fv2%2Fcomments&post=96"}],"version-history":[{"count":1,"href":"https:\/\/kyburgia.org\/index.php?rest_route=\/wp\/v2\/pages\/96\/revisions"}],"predecessor-version":[{"id":97,"href":"https:\/\/kyburgia.org\/index.php?rest_route=\/wp\/v2\/pages\/96\/revisions\/97"}],"up":[{"embeddable":true,"href":"https:\/\/kyburgia.org\/index.php?rest_route=\/wp\/v2\/pages\/91"}],"wp:attachment":[{"href":"https:\/\/kyburgia.org\/index.php?rest_route=%2Fwp%2Fv2%2Fmedia&parent=96"}],"curies":[{"name":"wp","href":"https:\/\/api.w.org\/{rel}","templated":true}]}}